{"id":2507,"date":"2024-12-15T11:25:33","date_gmt":"2024-12-15T11:25:33","guid":{"rendered":"https:\/\/sot.kcau.ac.ke\/ISPRS-2025-conference\/?page_id=2507"},"modified":"2025-06-26T15:42:50","modified_gmt":"2025-06-26T12:42:50","slug":"scientific-committee","status":"publish","type":"page","link":"https:\/\/sot.kcau.ac.ke\/ISPRS-2025-conference\/scientific-committee\/","title":{"rendered":"Scientific Committee"},"content":{"rendered":"\t\t<div data-elementor-type=\"wp-post\" data-elementor-id=\"2507\" class=\"elementor elementor-2507\" data-elementor-settings=\"{&quot;ha_cmc_init_switcher&quot;:&quot;no&quot;}\">\n\t\t\t\t\t\t<section class=\"elementor-section elementor-top-section elementor-element elementor-element-82c1108 elementor-section-boxed elementor-section-height-default elementor-section-height-default\" data-id=\"82c1108\" data-element_type=\"section\" data-e-type=\"section\" data-settings=\"{&quot;background_background&quot;:&quot;classic&quot;,&quot;_ha_eqh_enable&quot;:false}\">\n\t\t\t\t\t\t\t<div class=\"elementor-background-overlay\"><\/div>\n\t\t\t\t\t\t\t<div class=\"elementor-container elementor-column-gap-default\">\n\t\t\t\t\t<div class=\"elementor-column elementor-col-100 elementor-top-column elementor-element elementor-element-362179d\" data-id=\"362179d\" data-element_type=\"column\" data-e-type=\"column\">\n\t\t\t<div class=\"elementor-widget-wrap elementor-element-populated\">\n\t\t\t\t\t\t<section class=\"elementor-section elementor-inner-section elementor-element elementor-element-465bbea scientific elementor-section-boxed elementor-section-height-default elementor-section-height-default elementor-invisible\" data-id=\"465bbea\" data-element_type=\"section\" data-e-type=\"section\" data-settings=\"{&quot;animation&quot;:&quot;slideInUp&quot;,&quot;animation_delay&quot;:450,&quot;_ha_eqh_enable&quot;:false}\">\n\t\t\t\t\t\t<div class=\"elementor-container elementor-column-gap-default\">\n\t\t\t\t\t<div class=\"elementor-column elementor-col-50 elementor-inner-column elementor-element elementor-element-30329ca\" data-id=\"30329ca\" data-element_type=\"column\" data-e-type=\"column\">\n\t\t\t<div class=\"elementor-widget-wrap elementor-element-populated\">\n\t\t\t\t\t\t<div class=\"elementor-element elementor-element-5ddc700 elementor-invisible elementor-widget elementor-widget-text-editor\" data-id=\"5ddc700\" data-element_type=\"widget\" data-e-type=\"widget\" data-settings=\"{&quot;_animation&quot;:&quot;fadeInUp&quot;,&quot;ekit_we_effect_on&quot;:&quot;none&quot;}\" data-widget_type=\"text-editor.default\">\n\t\t\t\t<div class=\"elementor-widget-container\">\n\t\t\t\t\t\t\t\t\t<ol><li><span class=\"org-com\">Alexander Zipf<\/span>, Heidelberg University, Heidelberg, Germany<\/li><li><span class=\"org-com\">Alessandra Gomes<\/span>, National Institute for Space Research (INPE), S\u00e3o Paulo, Brazil<\/li><li><span class=\"org-com\">Ana-Maria Olteanu Raimond<\/span>, IGN France, Saint-Mand\u00e9, France<\/li><li><span class=\"org-com\">Anca Anghelea<\/span>, European Space Agency, Frascati, Italy<\/li><li><span class=\"org-com\">Anjana Vyas<\/span>, Independent Researcher, Gujarat, India<\/li><li><span class=\"org-com\">Arzu \u00c7\u00f6ltekin<\/span>, FHNW University of Applied Sciences and Arts Northwestern Switzerland, Windisch, Switzerland<\/li><li><span class=\"org-com\">Azarakhsh Rafiee<\/span>, Delft University of Technology, Delft, The Netherlands<\/li><li><span class=\"org-com\">Azile Mdleleni<\/span>, University of Pretoria, Pretoria, South Africa<\/li><li><span class=\"org-com\">Bailang Yu<\/span>, East China Normal University, Shanghai, China<\/li><li><span class=\"org-com\">Bolelang Sibolla<\/span>, Council for Scientific and Industrial Research, Pretoria, South Africa<\/li><li><span class=\"org-com\">Chen Biyu<\/span>, Wuhan University, Wuhan, China<\/li><li><span class=\"org-com\">Daniele Oxoli<\/span>, Politecnico di Milano, Milano MI, Italy<\/li><li><span class=\"org-com\">Dilek Ko\u00e7 San<\/span>, Akdeniz University, Antalya, Turkey<\/li><li><span class=\"org-com\">Dorota Iwaszczuk<\/span>, Technical University of Darmstadt, Darmstadt, Germany<\/li><li><span class=\"org-com\">Elisabetta Colucci<\/span>, Politecnico di Torino, Torino, Italy<\/li><li><span class=\"org-com\">Emmanuel Stefanakis<\/span>, University of Calgary, Alberta, Canada<\/li><li><span class=\"org-com\">Fabiola Doracely<\/span>, Universidad Aut\u00f3noma de Nuevo Le\u00f3n, N.L., Mexico<\/li><li><span class=\"org-com\">Filip Biljeski<\/span>, National University of Singapore, Queenstown, Singapore<\/li><li><span class=\"org-com\">Francesca Noardo<\/span>, Open Geospatial Consortium, USA<\/li><li><span class=\"org-com\">Frank B. Osei<\/span>, Independent Researcher, Enschede, The Netherlands<\/li><li><span class=\"org-com\">Friederike Reitze<\/span>, Karlsruhe Institute of Technology, Karlsruhe, Germany<\/li><li><span class=\"org-com\">Fupeng Li<\/span>, University of Bonn, Bonn, Germany<\/li><li><span class=\"org-com\">Gerhard Navratil<\/span>, TU Wien, Vienna, Austria<\/li><li><span class=\"org-com\">Giorgio Agugiaro<\/span>, Delft University of Technology, Delft, The Netherlands<\/li><li><span class=\"org-com\">Grazia Tucci<\/span>, University of Florence, Florence, Italy<\/li><li><span class=\"org-com\">Hao Li<\/span>, Heidelberg University, Heidelberg, Germany<\/li><li><span class=\"org-com\">Hao Wu<\/span>, TU M\u00fcnchen, Munich, Germany<\/li><li><span class=\"org-com\">Hongchao Fan<\/span>, Norwegian University of Science and Technology, Trondheim, Norway<\/li><li><span class=\"org-com\">Hussein Mohammed Abdulmuttalib<\/span>, Dubai Municipality, Dubai, UAE<\/li><li><span class=\"org-com\">Inger Fabris-Rotelli<\/span>, University of Pretoria, Pretoria, South Africa<\/li><li><span class=\"org-com\">Jamal Jokar Arsanjani<\/span>, Aalborg University, Aalborg, Denmark<\/li><li><span class=\"org-com\">Jean-Francois Faure<\/span>, IRD France, Marseille, France<\/li><li><span class=\"org-com\">Jens Kersten<\/span>, German Aerospace Center<\/li><li><span class=\"org-com\">Jo\u00e3o Porto de Albuquerque<\/span>, University of Glasgow, Glasgow, UK<\/li><li><span class=\"org-com\">Jukka Krisp<\/span>, University of Augsburg, Augsburg, Germany<\/li><li><span class=\"org-com\">Laurent Polidori<\/span>, IRD France, Marseille, France<\/li><li><span class=\"org-com\">Lei Luo<\/span>, Aerospace Information Research Institute, Chinese Academy of Sciences, Beijing, China<\/li><li><span class=\"org-com\">Liqiu Meng<\/span>, TU M\u00fcnchen, Munich, Germany<\/li><li><span class=\"org-com\">Lucia Diaz<\/span>, University of Vigo, Vigo, Spain<\/li><li><span class=\"org-com\">Lucy Mburu Waruguru<\/span>, KCA University, Nairobi, Kenya<\/li><li><span class=\"org-com\">Mahmoud R. Delavar<\/span>, University of Tehran, Tehran, Iran<\/li><li><span class=\"org-com\">Mario Santana Quintero<\/span>, Carleton University, Ottawa, Canada<\/li><\/ol>\t\t\t\t\t\t\t\t<\/div>\n\t\t\t\t<\/div>\n\t\t\t\t\t<\/div>\n\t\t<\/div>\n\t\t\t\t<div class=\"elementor-column elementor-col-50 elementor-inner-column elementor-element elementor-element-8a19579\" data-id=\"8a19579\" data-element_type=\"column\" data-e-type=\"column\">\n\t\t\t<div class=\"elementor-widget-wrap elementor-element-populated\">\n\t\t\t\t\t\t<div class=\"elementor-element elementor-element-bf5e831 elementor-invisible elementor-widget elementor-widget-text-editor\" data-id=\"bf5e831\" data-element_type=\"widget\" data-e-type=\"widget\" data-settings=\"{&quot;_animation&quot;:&quot;fadeInUp&quot;,&quot;ekit_we_effect_on&quot;:&quot;none&quot;}\" data-widget_type=\"text-editor.default\">\n\t\t\t\t<div class=\"elementor-widget-container\">\n\t\t\t\t\t\t\t\t\t<ol start=\"43\">\n \t<li><span class=\"org-com\">Marco Minghini<\/span>, European Commission-Joint Research Centre (JRC), Brussels, Belgium<\/li>\n \t<li><span class=\"org-com\">Martin Breunig<\/span>, Karlsruhe Institute of Technology, Karlsruhe, Germany<\/li>\n \t<li><span class=\"org-com\">Masood Varshosaz<\/span>, K.N. Toosi University of Technology, Tehran, Iran<\/li>\n \t<li><span class=\"org-com\">Miaole Hou<\/span>, Beijing University of Civil Engineering and Architecture, Beijing, China<\/li>\n \t<li><span class=\"org-com\">Mila Koeva<\/span>, University of Twente, Enschede, The Netherlands<\/li>\n \t<li><span class=\"org-com\">Mir Abolfazl Mostafavi<\/span>, Universit\u00e9 Laval, Quebec, Canada<\/li>\n \t<li><span class=\"org-com\">Mojgan A. Jadidi<\/span>, York University, Ontario, Canada<\/li>\n \t<li><span class=\"org-com\">Monica Wachowicz<\/span>, RMIT University, Melbourne, Australia<\/li>\n \t<li><span class=\"org-com\">Mulhim Abdulmuhsin Al Doori<\/span>, University of Science and Technology of Fujairah (USTF), Fujairah, UAE<\/li>\n \t<li><span class=\"org-com\">Pawel Boguslawski<\/span>, Wroc\u0142aw University of Science and Technology, Wroc\u0142aw, Poland<\/li>\n \t<li><span class=\"org-com\">Paul Vincent Kuper<\/span>, Karlsruhe Institute of Technology, Karlsruhe, Germany<\/li>\n \t<li><span class=\"org-com\">Priyanka Singh<\/span>, University of Petroleum and Energy Studies, Uttarakhand, India<\/li>\n \t<li><span class=\"org-com\">Ren\u00e9 Westerholt<\/span>, TU Dortmund University, Dortmund, Germany<\/li>\n \t<li><span class=\"org-com\">Saeid Pirasteh<\/span>, University of Waterloo, Ontario, Canada<\/li>\n \t<li><span class=\"org-com\">Salvatore Amaduzzi<\/span>, University of Udine, Udine, Italy<\/li>\n \t<li><span class=\"org-com\">Saran Iirs<\/span>, Independent Researcher, Dehradun, India<\/li>\n \t<li><span class=\"org-com\">Shishuo Xu<\/span>, Beijing University of Civil Engineering and Architecture, Beijing, China<\/li>\n \t<li><span class=\"org-com\">Silvana Camboim<\/span>, Federal University of Paran\u00e1, Paran\u00e1, Brazil<\/li>\n \t<li><span class=\"org-com\">Sisi Zlatanova<\/span>, University of New South Wales, Sydney, Australia<\/li>\n \t<li><span class=\"org-com\">Songnian Li<\/span>, Toronto Metropolitan University, Toronto, Canada<\/li>\n \t<li><span class=\"org-com\">Sulochana Shekhar<\/span>, Central University of Tamil Nadu, Tamil Nadu, India<\/li>\n \t<li><span class=\"org-com\">Tao Jia<\/span>, Wuhan University, Wuhan, China<\/li>\n \t<li><span class=\"org-com\">Thomas Blaschke<\/span>, University of Salzburg, Salzburg, Austria<\/li>\n \t<li><span class=\"org-com\">Umit Isikdag<\/span>, Istanbul Technical University, Istanbul, Turkey<\/li>\n \t<li><span class=\"org-com\">Ville Lehtola<\/span>, University of Twente, Enschede, The Netherlands<\/li>\n \t<li><span class=\"org-com\">Victoria Rautenbach<\/span>, University of Pretoria, Pretoria, South Africa<\/li>\n \t<li><span class=\"org-com\">Vincenzo Di Pietra<\/span>, Politecnico di Torino, Torino, Italy<\/li>\n \t<li><span class=\"org-com\">Wei Huang<\/span>, Tongji University, Shanghai, China<\/li>\n \t<li><span class=\"org-com\">Wei Tu<\/span>, Shenzhen University, Shenzhen, China<\/li>\n \t<li><span class=\"org-com\">Xiaoguang Zhou<\/span>, Central South University, Hunan, China<\/li>\n \t<li><span class=\"org-com\">Xiaohuan Xi<\/span>, Chinese Academy of Sciences, Beijing, China<\/li>\n \t<li><span class=\"org-com\">Xuke Hu<\/span>, German Aerospace Center (DLR), Jena, Germany<\/li>\n \t<li><span class=\"org-com\">Yair Grinberger<\/span>, Hebrew University of Jerusalem, Jerusalem, Israel<\/li>\n \t<li><span class=\"org-com\">Yan Yingwei<\/span>, National University of Singapore, Singapore<\/li>\n \t<li><span class=\"org-com\">Yihong Yuan<\/span>, Texas State University, Texas, USA<\/li>\n \t<li><span class=\"org-com\">Yuan Zhuang<\/span>, Wuhan University, Wuhan, China<\/li>\n<li><span class=\"org-com\">Yu Li<\/span>, \u00a0Luxembourg Institute of Science and Technology (LIST)<\/li>\n \t<li><span class=\"org-com\">Yu Liu<\/span>, Peking University, Beijing, China<\/li>\n \t<li><span class=\"org-com\">Zaffar Sadiq Mohamed<\/span>, Independent Researcher, Austria<\/li>\n \t<li><span class=\"org-com\">Zhiyong Wang<\/span>, South China University of Technology, Guangzhou, China<\/li>\n \t<li><span class=\"org-com\">Zhizhong Kang<\/span>, China University of Geosciences, Beijing, China<\/li>\n \t<li><span class=\"org-com\">Zs\u00f3fia Kugler<\/span>, Budapest University of Technology and Economics, Budapest, Hungary<\/li>\n<\/ol>\t\t\t\t\t\t\t\t<\/div>\n\t\t\t\t<\/div>\n\t\t\t\t\t<\/div>\n\t\t<\/div>\n\t\t\t\t\t<\/div>\n\t\t<\/section>\n\t\t\t\t\t<\/div>\n\t\t<\/div>\n\t\t\t\t\t<\/div>\n\t\t<\/section>\n\t\t\t\t<\/div>\n\t\t","protected":false},"excerpt":{"rendered":"<p>Alexander Zipf, Heidelberg University, Heidelberg, Germany Alessandra Gomes, National Institute for Space Research (INPE), S\u00e3o Paulo, Brazil Ana-Maria Olteanu Raimond, IGN France, Saint-Mand\u00e9, France Anca Anghelea, European Space Agency, Frascati, Italy Anjana Vyas, Independent Researcher, Gujarat, India Arzu \u00c7\u00f6ltekin, FHNW University of Applied Sciences and Arts Northwestern Switzerland, Windisch, Switzerland Azarakhsh Rafiee, Delft University of [&hellip;]<\/p>\n","protected":false},"author":1,"featured_media":0,"parent":0,"menu_order":0,"comment_status":"closed","ping_status":"closed","template":"template\/full-width-template.php","meta":{"inline_featured_image":false,"footnotes":""},"class_list":["post-2507","page","type-page","status-publish","hentry"],"_links":{"self":[{"href":"https:\/\/sot.kcau.ac.ke\/ISPRS-2025-conference\/wp-json\/wp\/v2\/pages\/2507","targetHints":{"allow":["GET"]}}],"collection":[{"href":"https:\/\/sot.kcau.ac.ke\/ISPRS-2025-conference\/wp-json\/wp\/v2\/pages"}],"about":[{"href":"https:\/\/sot.kcau.ac.ke\/ISPRS-2025-conference\/wp-json\/wp\/v2\/types\/page"}],"author":[{"embeddable":true,"href":"https:\/\/sot.kcau.ac.ke\/ISPRS-2025-conference\/wp-json\/wp\/v2\/users\/1"}],"replies":[{"embeddable":true,"href":"https:\/\/sot.kcau.ac.ke\/ISPRS-2025-conference\/wp-json\/wp\/v2\/comments?post=2507"}],"version-history":[{"count":65,"href":"https:\/\/sot.kcau.ac.ke\/ISPRS-2025-conference\/wp-json\/wp\/v2\/pages\/2507\/revisions"}],"predecessor-version":[{"id":3743,"href":"https:\/\/sot.kcau.ac.ke\/ISPRS-2025-conference\/wp-json\/wp\/v2\/pages\/2507\/revisions\/3743"}],"wp:attachment":[{"href":"https:\/\/sot.kcau.ac.ke\/ISPRS-2025-conference\/wp-json\/wp\/v2\/media?parent=2507"}],"curies":[{"name":"wp","href":"https:\/\/api.w.org\/{rel}","templated":true}]}}